{"id":6434,"date":"2024-03-17T10:36:30","date_gmt":"2024-03-17T10:36:30","guid":{"rendered":"https:\/\/barshop.am\/?post_type=product&#038;p=6434"},"modified":"2024-03-17T10:36:35","modified_gmt":"2024-03-17T10:36:35","slug":"book-mate-louna-ameerika-joujook-johanna-pohjola","status":"publish","type":"product","link":"https:\/\/barshop.am\/en\/product\/book-mate-louna-ameerika-joujook-johanna-pohjola\/","title":{"rendered":"Book &#8220;Mate: L\u00f5una-Ameerika J\u00f5ujook&#8221; Johanna Pohjola"},"content":{"rendered":"<p>Book &#8220;Mate: L\u00f5una-Ameerika J\u00f5ujook&#8221; Johanna Pohjola<\/p>\n","protected":false},"excerpt":{"rendered":"<p>Book &#8220;Mate: L\u00f5una-Ameerika J\u00f5ujook&#8221; Johanna Pohjola<\/p>\n","protected":false},"featured_media":6465,"template":"","meta":[],"product_brand":[],"product_cat":[79],"product_tag":[],"class_list":{"0":"post-6434","1":"product","2":"type-product","3":"status-publish","4":"has-post-thumbnail","6":"product_cat-books","8":"first","9":"instock","10":"shipping-taxable","11":"purchasable","12":"product-type-simple"},"_links":{"self":[{"href":"https:\/\/barshop.am\/en\/wp-json\/wp\/v2\/product\/6434","targetHints":{"allow":["GET"]}}],"collection":[{"href":"https:\/\/barshop.am\/en\/wp-json\/wp\/v2\/product"}],"about":[{"href":"https:\/\/barshop.am\/en\/wp-json\/wp\/v2\/types\/product"}],"version-history":[{"count":1,"href":"https:\/\/barshop.am\/en\/wp-json\/wp\/v2\/product\/6434\/revisions"}],"predecessor-version":[{"id":6466,"href":"https:\/\/barshop.am\/en\/wp-json\/wp\/v2\/product\/6434\/revisions\/6466"}],"wp:featuredmedia":[{"embeddable":true,"href":"https:\/\/barshop.am\/en\/wp-json\/wp\/v2\/media\/6465"}],"wp:attachment":[{"href":"https:\/\/barshop.am\/en\/wp-json\/wp\/v2\/media?parent=6434"}],"wp:term":[{"taxonomy":"product_brand","embeddable":true,"href":"https:\/\/barshop.am\/en\/wp-json\/wp\/v2\/product_brand?post=6434"},{"taxonomy":"product_cat","embeddable":true,"href":"https:\/\/barshop.am\/en\/wp-json\/wp\/v2\/product_cat?post=6434"},{"taxonomy":"product_tag","embeddable":true,"href":"https:\/\/barshop.am\/en\/wp-json\/wp\/v2\/product_tag?post=6434"}],"curies":[{"name":"wp","href":"https:\/\/api.w.org\/{rel}","templated":true}]}}