{"id":6712,"date":"2024-03-17T10:37:33","date_gmt":"2024-03-17T10:37:33","guid":{"rendered":"https:\/\/barshop.am\/?post_type=product&#038;p=6712"},"modified":"2024-03-17T10:37:43","modified_gmt":"2024-03-17T10:37:43","slug":"champagne-moet-chandon-rose-imperial-0-75l","status":"publish","type":"product","link":"https:\/\/barshop.am\/en\/product\/champagne-moet-chandon-rose-imperial-0-75l\/","title":{"rendered":"Champagne Moet &#038; Chandon Rose Imperial 0.75L"},"content":{"rendered":"<p>Mo\u00ebt\u00a0Ros\u00e9 Imp\u00e9rial is a spontaneous, radiant, romantic expression of the Mo\u00ebt &amp; Chandon style, a style distinguished by its bright fruitiness, its seductive palate and its elegant maturity.\u00a0<span class=\"a-list-item\">Ros\u00e9 is a mix of three wine varieties with an emphasis on Pinot Noir.\u00a0<\/span><span class=\"a-list-item\">This makes it full-bodied with heady strawberry aromas.\u00a0<\/span><span class=\"a-list-item\">Mo\u00ebt &amp; Chandon&#8217;s excellent non-vintage pink fizz has all the usual Mo\u00ebt hallmarks, with an additional emphasis on red berry and other summer fruit flavours.<\/span><\/p>\n","protected":false},"excerpt":{"rendered":"<p>Champagne Moet &#038; Chandon Rose Imperial 0.75L 12%<\/p>\n","protected":false},"featured_media":6758,"template":"","meta":[],"product_brand":[],"product_cat":[199],"product_tag":[],"class_list":{"0":"post-6712","1":"product","2":"type-product","3":"status-publish","4":"has-post-thumbnail","6":"product_cat-champagne","8":"first","9":"instock","10":"shipping-taxable","11":"purchasable","12":"product-type-simple"},"_links":{"self":[{"href":"https:\/\/barshop.am\/en\/wp-json\/wp\/v2\/product\/6712","targetHints":{"allow":["GET"]}}],"collection":[{"href":"https:\/\/barshop.am\/en\/wp-json\/wp\/v2\/product"}],"about":[{"href":"https:\/\/barshop.am\/en\/wp-json\/wp\/v2\/types\/product"}],"version-history":[{"count":1,"href":"https:\/\/barshop.am\/en\/wp-json\/wp\/v2\/product\/6712\/revisions"}],"predecessor-version":[{"id":6759,"href":"https:\/\/barshop.am\/en\/wp-json\/wp\/v2\/product\/6712\/revisions\/6759"}],"wp:featuredmedia":[{"embeddable":true,"href":"https:\/\/barshop.am\/en\/wp-json\/wp\/v2\/media\/6758"}],"wp:attachment":[{"href":"https:\/\/barshop.am\/en\/wp-json\/wp\/v2\/media?parent=6712"}],"wp:term":[{"taxonomy":"product_brand","embeddable":true,"href":"https:\/\/barshop.am\/en\/wp-json\/wp\/v2\/product_brand?post=6712"},{"taxonomy":"product_cat","embeddable":true,"href":"https:\/\/barshop.am\/en\/wp-json\/wp\/v2\/product_cat?post=6712"},{"taxonomy":"product_tag","embeddable":true,"href":"https:\/\/barshop.am\/en\/wp-json\/wp\/v2\/product_tag?post=6712"}],"curies":[{"name":"wp","href":"https:\/\/api.w.org\/{rel}","templated":true}]}}